{"id":637,"date":"2024-09-26T09:18:09","date_gmt":"2024-09-26T09:18:09","guid":{"rendered":"https:\/\/helikonvitri.krzysztof.horecki.pl\/?page_id=637"},"modified":"2024-12-30T19:05:47","modified_gmt":"2024-12-30T19:05:47","slug":"projekte","status":"publish","type":"page","link":"https:\/\/witraze.krzysztof.horecki.pl\/de\/projekte\/","title":{"rendered":"PROJEKTE"},"content":{"rendered":"\t\t<div data-elementor-type=\"wp-page\" data-elementor-id=\"637\" class=\"elementor elementor-637\">\n\t\t\t\t<div class=\"elementor-element elementor-element-cede5ae e-flex e-con-boxed e-con e-parent\" data-id=\"cede5ae\" data-element_type=\"container\">\n\t\t\t\t\t<div class=\"e-con-inner\">\n\t\t\t\t<div class=\"elementor-element elementor-element-967f673 gallery-spacing-custom elementor-widget__width-inherit elementor-widget elementor-widget-image-gallery\" data-id=\"967f673\" data-element_type=\"widget\" data-widget_type=\"image-gallery.default\">\n\t\t\t\t<div class=\"elementor-widget-container\">\n\t\t\t\t\t<div class=\"elementor-image-gallery\">\n\t\t\t<div id='gallery-1' class='gallery galleryid-637 gallery-columns-4 gallery-size-large'><figure class='gallery-item'>\n\t\t\t<div class='gallery-icon landscape'>\n\t\t\t\t<a data-elementor-open-lightbox=\"yes\" data-elementor-lightbox-slideshow=\"967f673\" data-elementor-lightbox-title=\"3\" data-e-action-hash=\"#elementor-action%3Aaction%3Dlightbox%26settings%3DeyJpZCI6NjU0LCJ1cmwiOiJodHRwczpcL1wvd2l0cmF6ZS5rcnp5c3p0b2YuaG9yZWNraS5wbFwvd3AtY29udGVudFwvdXBsb2Fkc1wvMjAyNFwvMTFcLzMuanBnIiwic2xpZGVzaG93IjoiOTY3ZjY3MyJ9\" href='https:\/\/witraze.krzysztof.horecki.pl\/wp-content\/uploads\/2024\/11\/3.jpg'><img fetchpriority=\"high\" decoding=\"async\" width=\"696\" height=\"696\" src=\"https:\/\/witraze.krzysztof.horecki.pl\/wp-content\/uploads\/2024\/11\/3.jpg\" class=\"attachment-large size-large\" alt=\"\" aria-describedby=\"gallery-1-654\" srcset=\"https:\/\/witraze.krzysztof.horecki.pl\/wp-content\/uploads\/2024\/11\/3.jpg 696w, https:\/\/witraze.krzysztof.horecki.pl\/wp-content\/uploads\/2024\/11\/3-300x300.jpg 300w, https:\/\/witraze.krzysztof.horecki.pl\/wp-content\/uploads\/2024\/11\/3-150x150.jpg 150w\" sizes=\"(max-width: 696px) 100vw, 696px\" \/><\/a>\n\t\t\t<\/div>\n\t\t\t\t<figcaption class='wp-caption-text gallery-caption' id='gallery-1-654'>\n\t\t\t\tWitra\u017c z motywem \u0142\u00f3dki\n\t\t\t\t<\/figcaption><\/figure><figure class='gallery-item'>\n\t\t\t<div class='gallery-icon landscape'>\n\t\t\t\t<a data-elementor-open-lightbox=\"yes\" data-elementor-lightbox-slideshow=\"967f673\" data-elementor-lightbox-title=\"1\" data-e-action-hash=\"#elementor-action%3Aaction%3Dlightbox%26settings%3DeyJpZCI6NjY5LCJ1cmwiOiJodHRwczpcL1wvd2l0cmF6ZS5rcnp5c3p0b2YuaG9yZWNraS5wbFwvd3AtY29udGVudFwvdXBsb2Fkc1wvMjAyNFwvMTFcLzEtMi5qcGciLCJzbGlkZXNob3ciOiI5NjdmNjczIn0%3D\" href='https:\/\/witraze.krzysztof.horecki.pl\/wp-content\/uploads\/2024\/11\/1-2.jpg'><img decoding=\"async\" width=\"986\" height=\"986\" src=\"https:\/\/witraze.krzysztof.horecki.pl\/wp-content\/uploads\/2024\/11\/1-2.jpg\" class=\"attachment-large size-large\" alt=\"\" aria-describedby=\"gallery-1-669\" srcset=\"https:\/\/witraze.krzysztof.horecki.pl\/wp-content\/uploads\/2024\/11\/1-2.jpg 986w, https:\/\/witraze.krzysztof.horecki.pl\/wp-content\/uploads\/2024\/11\/1-2-300x300.jpg 300w, https:\/\/witraze.krzysztof.horecki.pl\/wp-content\/uploads\/2024\/11\/1-2-150x150.jpg 150w, https:\/\/witraze.krzysztof.horecki.pl\/wp-content\/uploads\/2024\/11\/1-2-768x768.jpg 768w\" sizes=\"(max-width: 986px) 100vw, 986px\" \/><\/a>\n\t\t\t<\/div>\n\t\t\t\t<figcaption class='wp-caption-text gallery-caption' id='gallery-1-669'>\n\t\t\t\tWitra\u017c z motywem abstrakcyjnym\n\t\t\t\t<\/figcaption><\/figure><figure class='gallery-item'>\n\t\t\t<div class='gallery-icon landscape'>\n\t\t\t\t<a data-elementor-open-lightbox=\"yes\" data-elementor-lightbox-slideshow=\"967f673\" data-elementor-lightbox-title=\"4\" data-e-action-hash=\"#elementor-action%3Aaction%3Dlightbox%26settings%3DeyJpZCI6NjU1LCJ1cmwiOiJodHRwczpcL1wvd2l0cmF6ZS5rcnp5c3p0b2YuaG9yZWNraS5wbFwvd3AtY29udGVudFwvdXBsb2Fkc1wvMjAyNFwvMTFcLzQuanBnIiwic2xpZGVzaG93IjoiOTY3ZjY3MyJ9\" href='https:\/\/witraze.krzysztof.horecki.pl\/wp-content\/uploads\/2024\/11\/4.jpg'><img decoding=\"async\" width=\"1024\" height=\"1024\" src=\"https:\/\/witraze.krzysztof.horecki.pl\/wp-content\/uploads\/2024\/11\/4-1024x1024.jpg\" class=\"attachment-large size-large\" alt=\"\" aria-describedby=\"gallery-1-655\" srcset=\"https:\/\/witraze.krzysztof.horecki.pl\/wp-content\/uploads\/2024\/11\/4-1024x1024.jpg 1024w, https:\/\/witraze.krzysztof.horecki.pl\/wp-content\/uploads\/2024\/11\/4-300x300.jpg 300w, https:\/\/witraze.krzysztof.horecki.pl\/wp-content\/uploads\/2024\/11\/4-150x150.jpg 150w, https:\/\/witraze.krzysztof.horecki.pl\/wp-content\/uploads\/2024\/11\/4-768x768.jpg 768w, https:\/\/witraze.krzysztof.horecki.pl\/wp-content\/uploads\/2024\/11\/4.jpg 1500w\" sizes=\"(max-width: 1024px) 100vw, 1024px\" \/><\/a>\n\t\t\t<\/div>\n\t\t\t\t<figcaption class='wp-caption-text gallery-caption' id='gallery-1-655'>\n\t\t\t\tWitra\u017c z motywem ro\u015blinnym wykonany w oknie lukarnowym.\n\t\t\t\t<\/figcaption><\/figure><figure class='gallery-item'>\n\t\t\t<div class='gallery-icon landscape'>\n\t\t\t\t<a data-elementor-open-lightbox=\"yes\" data-elementor-lightbox-slideshow=\"967f673\" data-elementor-lightbox-title=\"5\" data-e-action-hash=\"#elementor-action%3Aaction%3Dlightbox%26settings%3DeyJpZCI6NjU2LCJ1cmwiOiJodHRwczpcL1wvd2l0cmF6ZS5rcnp5c3p0b2YuaG9yZWNraS5wbFwvd3AtY29udGVudFwvdXBsb2Fkc1wvMjAyNFwvMTFcLzUuanBnIiwic2xpZGVzaG93IjoiOTY3ZjY3MyJ9\" href='https:\/\/witraze.krzysztof.horecki.pl\/wp-content\/uploads\/2024\/11\/5.jpg'><img loading=\"lazy\" decoding=\"async\" width=\"611\" height=\"611\" src=\"https:\/\/witraze.krzysztof.horecki.pl\/wp-content\/uploads\/2024\/11\/5.jpg\" class=\"attachment-large size-large\" alt=\"\" aria-describedby=\"gallery-1-656\" srcset=\"https:\/\/witraze.krzysztof.horecki.pl\/wp-content\/uploads\/2024\/11\/5.jpg 611w, https:\/\/witraze.krzysztof.horecki.pl\/wp-content\/uploads\/2024\/11\/5-300x300.jpg 300w, https:\/\/witraze.krzysztof.horecki.pl\/wp-content\/uploads\/2024\/11\/5-150x150.jpg 150w\" sizes=\"(max-width: 611px) 100vw, 611px\" \/><\/a>\n\t\t\t<\/div>\n\t\t\t\t<figcaption class='wp-caption-text gallery-caption' id='gallery-1-656'>\n\t\t\t\tKwitn\u0105cy lotus\n\t\t\t\t<\/figcaption><\/figure><figure class='gallery-item'>\n\t\t\t<div class='gallery-icon landscape'>\n\t\t\t\t<a data-elementor-open-lightbox=\"yes\" data-elementor-lightbox-slideshow=\"967f673\" data-elementor-lightbox-title=\"6\" data-e-action-hash=\"#elementor-action%3Aaction%3Dlightbox%26settings%3DeyJpZCI6NjU3LCJ1cmwiOiJodHRwczpcL1wvd2l0cmF6ZS5rcnp5c3p0b2YuaG9yZWNraS5wbFwvd3AtY29udGVudFwvdXBsb2Fkc1wvMjAyNFwvMTFcLzYuanBnIiwic2xpZGVzaG93IjoiOTY3ZjY3MyJ9\" href='https:\/\/witraze.krzysztof.horecki.pl\/wp-content\/uploads\/2024\/11\/6.jpg'><img loading=\"lazy\" decoding=\"async\" width=\"1024\" height=\"1024\" src=\"https:\/\/witraze.krzysztof.horecki.pl\/wp-content\/uploads\/2024\/11\/6-1024x1024.jpg\" class=\"attachment-large size-large\" alt=\"\" aria-describedby=\"gallery-1-657\" srcset=\"https:\/\/witraze.krzysztof.horecki.pl\/wp-content\/uploads\/2024\/11\/6-1024x1024.jpg 1024w, https:\/\/witraze.krzysztof.horecki.pl\/wp-content\/uploads\/2024\/11\/6-300x300.jpg 300w, https:\/\/witraze.krzysztof.horecki.pl\/wp-content\/uploads\/2024\/11\/6-150x150.jpg 150w, https:\/\/witraze.krzysztof.horecki.pl\/wp-content\/uploads\/2024\/11\/6-768x768.jpg 768w, https:\/\/witraze.krzysztof.horecki.pl\/wp-content\/uploads\/2024\/11\/6.jpg 1500w\" sizes=\"(max-width: 1024px) 100vw, 1024px\" \/><\/a>\n\t\t\t<\/div>\n\t\t\t\t<figcaption class='wp-caption-text gallery-caption' id='gallery-1-657'>\n\t\t\t\tWitra\u017c z motywem ro\u015blinnym wykonany w oknie lukarnowym.\n\t\t\t\t<\/figcaption><\/figure><figure class='gallery-item'>\n\t\t\t<div class='gallery-icon landscape'>\n\t\t\t\t<a data-elementor-open-lightbox=\"yes\" data-elementor-lightbox-slideshow=\"967f673\" data-elementor-lightbox-title=\"7\" data-e-action-hash=\"#elementor-action%3Aaction%3Dlightbox%26settings%3DeyJpZCI6Njg0LCJ1cmwiOiJodHRwczpcL1wvd2l0cmF6ZS5rcnp5c3p0b2YuaG9yZWNraS5wbFwvd3AtY29udGVudFwvdXBsb2Fkc1wvMjAyNFwvMTFcLzctMy5qcGciLCJzbGlkZXNob3ciOiI5NjdmNjczIn0%3D\" href='https:\/\/witraze.krzysztof.horecki.pl\/wp-content\/uploads\/2024\/11\/7-3.jpg'><img loading=\"lazy\" decoding=\"async\" width=\"1024\" height=\"1024\" src=\"https:\/\/witraze.krzysztof.horecki.pl\/wp-content\/uploads\/2024\/11\/7-3.jpg\" class=\"attachment-large size-large\" alt=\"\" srcset=\"https:\/\/witraze.krzysztof.horecki.pl\/wp-content\/uploads\/2024\/11\/7-3.jpg 1024w, https:\/\/witraze.krzysztof.horecki.pl\/wp-content\/uploads\/2024\/11\/7-3-300x300.jpg 300w, https:\/\/witraze.krzysztof.horecki.pl\/wp-content\/uploads\/2024\/11\/7-3-150x150.jpg 150w, https:\/\/witraze.krzysztof.horecki.pl\/wp-content\/uploads\/2024\/11\/7-3-768x768.jpg 768w\" sizes=\"(max-width: 1024px) 100vw, 1024px\" \/><\/a>\n\t\t\t<\/div><\/figure><figure class='gallery-item'>\n\t\t\t<div class='gallery-icon landscape'>\n\t\t\t\t<a data-elementor-open-lightbox=\"yes\" data-elementor-lightbox-slideshow=\"967f673\" data-elementor-lightbox-title=\"8\" data-e-action-hash=\"#elementor-action%3Aaction%3Dlightbox%26settings%3DeyJpZCI6NjU4LCJ1cmwiOiJodHRwczpcL1wvd2l0cmF6ZS5rcnp5c3p0b2YuaG9yZWNraS5wbFwvd3AtY29udGVudFwvdXBsb2Fkc1wvMjAyNFwvMTFcLzguanBnIiwic2xpZGVzaG93IjoiOTY3ZjY3MyJ9\" href='https:\/\/witraze.krzysztof.horecki.pl\/wp-content\/uploads\/2024\/11\/8.jpg'><img loading=\"lazy\" decoding=\"async\" width=\"1024\" height=\"1024\" src=\"https:\/\/witraze.krzysztof.horecki.pl\/wp-content\/uploads\/2024\/11\/8-1024x1024.jpg\" class=\"attachment-large size-large\" alt=\"\" aria-describedby=\"gallery-1-658\" srcset=\"https:\/\/witraze.krzysztof.horecki.pl\/wp-content\/uploads\/2024\/11\/8-1024x1024.jpg 1024w, https:\/\/witraze.krzysztof.horecki.pl\/wp-content\/uploads\/2024\/11\/8-300x300.jpg 300w, https:\/\/witraze.krzysztof.horecki.pl\/wp-content\/uploads\/2024\/11\/8-150x150.jpg 150w, https:\/\/witraze.krzysztof.horecki.pl\/wp-content\/uploads\/2024\/11\/8-768x768.jpg 768w, https:\/\/witraze.krzysztof.horecki.pl\/wp-content\/uploads\/2024\/11\/8.jpg 1200w\" sizes=\"(max-width: 1024px) 100vw, 1024px\" \/><\/a>\n\t\t\t<\/div>\n\t\t\t\t<figcaption class='wp-caption-text gallery-caption' id='gallery-1-658'>\n\t\t\t\tWa\u017cki\n\t\t\t\t<\/figcaption><\/figure><figure class='gallery-item'>\n\t\t\t<div class='gallery-icon landscape'>\n\t\t\t\t<a data-elementor-open-lightbox=\"yes\" data-elementor-lightbox-slideshow=\"967f673\" data-elementor-lightbox-title=\"11\" data-e-action-hash=\"#elementor-action%3Aaction%3Dlightbox%26settings%3DeyJpZCI6NjU5LCJ1cmwiOiJodHRwczpcL1wvd2l0cmF6ZS5rcnp5c3p0b2YuaG9yZWNraS5wbFwvd3AtY29udGVudFwvdXBsb2Fkc1wvMjAyNFwvMTFcLzExLmpwZyIsInNsaWRlc2hvdyI6Ijk2N2Y2NzMifQ%3D%3D\" href='https:\/\/witraze.krzysztof.horecki.pl\/wp-content\/uploads\/2024\/11\/11.jpg'><img loading=\"lazy\" decoding=\"async\" width=\"1024\" height=\"1024\" src=\"https:\/\/witraze.krzysztof.horecki.pl\/wp-content\/uploads\/2024\/11\/11-1024x1024.jpg\" class=\"attachment-large size-large\" alt=\"\" aria-describedby=\"gallery-1-659\" srcset=\"https:\/\/witraze.krzysztof.horecki.pl\/wp-content\/uploads\/2024\/11\/11-1024x1024.jpg 1024w, https:\/\/witraze.krzysztof.horecki.pl\/wp-content\/uploads\/2024\/11\/11-300x300.jpg 300w, https:\/\/witraze.krzysztof.horecki.pl\/wp-content\/uploads\/2024\/11\/11-150x150.jpg 150w, https:\/\/witraze.krzysztof.horecki.pl\/wp-content\/uploads\/2024\/11\/11-768x768.jpg 768w, https:\/\/witraze.krzysztof.horecki.pl\/wp-content\/uploads\/2024\/11\/11.jpg 1200w\" sizes=\"(max-width: 1024px) 100vw, 1024px\" \/><\/a>\n\t\t\t<\/div>\n\t\t\t\t<figcaption class='wp-caption-text gallery-caption' id='gallery-1-659'>\n\t\t\t\tWitra\u017c z czerwonych i zielonych szkie\u0142 na o\u0142owiu\n\t\t\t\t<\/figcaption><\/figure><figure class='gallery-item'>\n\t\t\t<div class='gallery-icon landscape'>\n\t\t\t\t<a data-elementor-open-lightbox=\"yes\" data-elementor-lightbox-slideshow=\"967f673\" data-elementor-lightbox-title=\"13\" data-e-action-hash=\"#elementor-action%3Aaction%3Dlightbox%26settings%3DeyJpZCI6NjYwLCJ1cmwiOiJodHRwczpcL1wvd2l0cmF6ZS5rcnp5c3p0b2YuaG9yZWNraS5wbFwvd3AtY29udGVudFwvdXBsb2Fkc1wvMjAyNFwvMTFcLzEzLmpwZyIsInNsaWRlc2hvdyI6Ijk2N2Y2NzMifQ%3D%3D\" href='https:\/\/witraze.krzysztof.horecki.pl\/wp-content\/uploads\/2024\/11\/13.jpg'><img loading=\"lazy\" decoding=\"async\" width=\"1024\" height=\"1024\" src=\"https:\/\/witraze.krzysztof.horecki.pl\/wp-content\/uploads\/2024\/11\/13-1024x1024.jpg\" class=\"attachment-large size-large\" alt=\"\" aria-describedby=\"gallery-1-660\" srcset=\"https:\/\/witraze.krzysztof.horecki.pl\/wp-content\/uploads\/2024\/11\/13-1024x1024.jpg 1024w, https:\/\/witraze.krzysztof.horecki.pl\/wp-content\/uploads\/2024\/11\/13-300x300.jpg 300w, https:\/\/witraze.krzysztof.horecki.pl\/wp-content\/uploads\/2024\/11\/13-150x150.jpg 150w, https:\/\/witraze.krzysztof.horecki.pl\/wp-content\/uploads\/2024\/11\/13-768x768.jpg 768w, https:\/\/witraze.krzysztof.horecki.pl\/wp-content\/uploads\/2024\/11\/13.jpg 1200w\" sizes=\"(max-width: 1024px) 100vw, 1024px\" \/><\/a>\n\t\t\t<\/div>\n\t\t\t\t<figcaption class='wp-caption-text gallery-caption' id='gallery-1-660'>\n\t\t\t\tMalwy\n\t\t\t\t<\/figcaption><\/figure><figure class='gallery-item'>\n\t\t\t<div class='gallery-icon landscape'>\n\t\t\t\t<a data-elementor-open-lightbox=\"yes\" data-elementor-lightbox-slideshow=\"967f673\" data-elementor-lightbox-title=\"paski marcin\" data-e-action-hash=\"#elementor-action%3Aaction%3Dlightbox%26settings%3DeyJpZCI6Njg2LCJ1cmwiOiJodHRwczpcL1wvd2l0cmF6ZS5rcnp5c3p0b2YuaG9yZWNraS5wbFwvd3AtY29udGVudFwvdXBsb2Fkc1wvMjAyNFwvMTJcL3Bhc2tpLW1hcmNpbi5qcGciLCJzbGlkZXNob3ciOiI5NjdmNjczIn0%3D\" href='https:\/\/witraze.krzysztof.horecki.pl\/wp-content\/uploads\/2024\/12\/paski-marcin.jpg'><img loading=\"lazy\" decoding=\"async\" width=\"1024\" height=\"1023\" src=\"https:\/\/witraze.krzysztof.horecki.pl\/wp-content\/uploads\/2024\/12\/paski-marcin.jpg\" class=\"attachment-large size-large\" alt=\"\" srcset=\"https:\/\/witraze.krzysztof.horecki.pl\/wp-content\/uploads\/2024\/12\/paski-marcin.jpg 1024w, https:\/\/witraze.krzysztof.horecki.pl\/wp-content\/uploads\/2024\/12\/paski-marcin-300x300.jpg 300w, https:\/\/witraze.krzysztof.horecki.pl\/wp-content\/uploads\/2024\/12\/paski-marcin-150x150.jpg 150w, https:\/\/witraze.krzysztof.horecki.pl\/wp-content\/uploads\/2024\/12\/paski-marcin-768x767.jpg 768w\" sizes=\"(max-width: 1024px) 100vw, 1024px\" \/><\/a>\n\t\t\t<\/div><\/figure><figure class='gallery-item'>\n\t\t\t<div class='gallery-icon landscape'>\n\t\t\t\t<a data-elementor-open-lightbox=\"yes\" data-elementor-lightbox-slideshow=\"967f673\" data-elementor-lightbox-title=\"19\" data-e-action-hash=\"#elementor-action%3Aaction%3Dlightbox%26settings%3DeyJpZCI6NjcyLCJ1cmwiOiJodHRwczpcL1wvd2l0cmF6ZS5rcnp5c3p0b2YuaG9yZWNraS5wbFwvd3AtY29udGVudFwvdXBsb2Fkc1wvMjAyNFwvMTFcLzE5LTMuanBnIiwic2xpZGVzaG93IjoiOTY3ZjY3MyJ9\" href='https:\/\/witraze.krzysztof.horecki.pl\/wp-content\/uploads\/2024\/11\/19-3.jpg'><img loading=\"lazy\" decoding=\"async\" width=\"1024\" height=\"1024\" src=\"https:\/\/witraze.krzysztof.horecki.pl\/wp-content\/uploads\/2024\/11\/19-3.jpg\" class=\"attachment-large size-large\" alt=\"\" aria-describedby=\"gallery-1-672\" srcset=\"https:\/\/witraze.krzysztof.horecki.pl\/wp-content\/uploads\/2024\/11\/19-3.jpg 1024w, https:\/\/witraze.krzysztof.horecki.pl\/wp-content\/uploads\/2024\/11\/19-3-300x300.jpg 300w, https:\/\/witraze.krzysztof.horecki.pl\/wp-content\/uploads\/2024\/11\/19-3-150x150.jpg 150w, https:\/\/witraze.krzysztof.horecki.pl\/wp-content\/uploads\/2024\/11\/19-3-768x768.jpg 768w\" sizes=\"(max-width: 1024px) 100vw, 1024px\" \/><\/a>\n\t\t\t<\/div>\n\t\t\t\t<figcaption class='wp-caption-text gallery-caption' id='gallery-1-672'>\n\t\t\t\tMaki\n\t\t\t\t<\/figcaption><\/figure><figure class='gallery-item'>\n\t\t\t<div class='gallery-icon landscape'>\n\t\t\t\t<a data-elementor-open-lightbox=\"yes\" data-elementor-lightbox-slideshow=\"967f673\" data-elementor-lightbox-title=\"IMG_20210930_105457_resized_20241117_025027851\" data-e-action-hash=\"#elementor-action%3Aaction%3Dlightbox%26settings%3DeyJpZCI6Njg1LCJ1cmwiOiJodHRwczpcL1wvd2l0cmF6ZS5rcnp5c3p0b2YuaG9yZWNraS5wbFwvd3AtY29udGVudFwvdXBsb2Fkc1wvMjAyNFwvMTFcL0lNR18yMDIxMDkzMF8xMDU0NTdfcmVzaXplZF8yMDI0MTExN18wMjUwMjc4NTEuanBnIiwic2xpZGVzaG93IjoiOTY3ZjY3MyJ9\" href='https:\/\/witraze.krzysztof.horecki.pl\/wp-content\/uploads\/2024\/11\/IMG_20210930_105457_resized_20241117_025027851.jpg'><img loading=\"lazy\" decoding=\"async\" width=\"1024\" height=\"1024\" src=\"https:\/\/witraze.krzysztof.horecki.pl\/wp-content\/uploads\/2024\/11\/IMG_20210930_105457_resized_20241117_025027851-1024x1024.jpg\" class=\"attachment-large size-large\" alt=\"\" srcset=\"https:\/\/witraze.krzysztof.horecki.pl\/wp-content\/uploads\/2024\/11\/IMG_20210930_105457_resized_20241117_025027851-1024x1024.jpg 1024w, https:\/\/witraze.krzysztof.horecki.pl\/wp-content\/uploads\/2024\/11\/IMG_20210930_105457_resized_20241117_025027851-300x300.jpg 300w, https:\/\/witraze.krzysztof.horecki.pl\/wp-content\/uploads\/2024\/11\/IMG_20210930_105457_resized_20241117_025027851-150x150.jpg 150w, https:\/\/witraze.krzysztof.horecki.pl\/wp-content\/uploads\/2024\/11\/IMG_20210930_105457_resized_20241117_025027851-768x768.jpg 768w, https:\/\/witraze.krzysztof.horecki.pl\/wp-content\/uploads\/2024\/11\/IMG_20210930_105457_resized_20241117_025027851-1536x1536.jpg 1536w, https:\/\/witraze.krzysztof.horecki.pl\/wp-content\/uploads\/2024\/11\/IMG_20210930_105457_resized_20241117_025027851-2048x2048.jpg 2048w\" sizes=\"(max-width: 1024px) 100vw, 1024px\" \/><\/a>\n\t\t\t<\/div><\/figure>\n\t\t<\/div>\n\t\t<\/div>\n\t\t\t\t<\/div>\n\t\t\t\t<\/div>\n\t\t\t\t\t<\/div>\n\t\t\t\t<\/div>\n\t\t\t\t<\/div>\n\t\t","protected":false},"excerpt":{"rendered":"<p>Witra\u017c z motywem \u0142\u00f3dki Witra\u017c z motywem abstrakcyjnym Witra\u017c z motywem ro\u015blinnym wykonany w oknie lukarnowym. Kwitn\u0105cy lotus Witra\u017c z [&hellip;]<\/p>\n","protected":false},"author":1,"featured_media":0,"parent":0,"menu_order":0,"comment_status":"closed","ping_status":"open","template":"","meta":{"site-sidebar-layout":"no-sidebar","site-content-layout":"","ast-site-content-layout":"full-width-container","site-content-style":"default","site-sidebar-style":"default","ast-global-header-display":"","ast-banner-title-visibility":"","ast-main-header-display":"","ast-hfb-above-header-display":"","ast-hfb-below-header-display":"","ast-hfb-mobile-header-display":"","site-post-title":"disabled","ast-breadcrumbs-content":"","ast-featured-img":"disabled","footer-sml-layout":"","theme-transparent-header-meta":"","adv-header-id-meta":"","stick-header-meta":"","header-above-stick-meta":"","header-main-stick-meta":"","header-below-stick-meta":"","astra-migrate-meta-layouts":"default","ast-page-background-enabled":"default","ast-page-background-meta":{"desktop":{"background-color":"var(--ast-global-color-4)","background-image":"","background-repeat":"repeat","background-position":"center center","background-size":"auto","background-attachment":"scroll","background-type":"","background-media":"","overlay-type":"","overlay-color":"","overlay-opacity":"","overlay-gradient":""},"tablet":{"background-color":"","background-image":"","background-repeat":"repeat","background-position":"center center","background-size":"auto","background-attachment":"scroll","background-type":"","background-media":"","overlay-type":"","overlay-color":"","overlay-opacity":"","overlay-gradient":""},"mobile":{"background-color":"","background-image":"","background-repeat":"repeat","background-position":"center center","background-size":"auto","background-attachment":"scroll","background-type":"","background-media":"","overlay-type":"","overlay-color":"","overlay-opacity":"","overlay-gradient":""}},"ast-content-background-meta":{"desktop":{"background-color":"var(--ast-global-color-5)","background-image":"","background-repeat":"repeat","background-position":"center center","background-size":"auto","background-attachment":"scroll","background-type":"","background-media":"","overlay-type":"","overlay-color":"","overlay-opacity":"","overlay-gradient":""},"tablet":{"background-color":"var(--ast-global-color-5)","background-image":"","background-repeat":"repeat","background-position":"center center","background-size":"auto","background-attachment":"scroll","background-type":"","background-media":"","overlay-type":"","overlay-color":"","overlay-opacity":"","overlay-gradient":""},"mobile":{"background-color":"var(--ast-global-color-5)","background-image":"","background-repeat":"repeat","background-position":"center center","background-size":"auto","background-attachment":"scroll","background-type":"","background-media":"","overlay-type":"","overlay-color":"","overlay-opacity":"","overlay-gradient":""}},"footnotes":""},"class_list":["post-637","page","type-page","status-publish","hentry"],"_links":{"self":[{"href":"https:\/\/witraze.krzysztof.horecki.pl\/de\/wp-json\/wp\/v2\/pages\/637","targetHints":{"allow":["GET"]}}],"collection":[{"href":"https:\/\/witraze.krzysztof.horecki.pl\/de\/wp-json\/wp\/v2\/pages"}],"about":[{"href":"https:\/\/witraze.krzysztof.horecki.pl\/de\/wp-json\/wp\/v2\/types\/page"}],"author":[{"embeddable":true,"href":"https:\/\/witraze.krzysztof.horecki.pl\/de\/wp-json\/wp\/v2\/users\/1"}],"replies":[{"embeddable":true,"href":"https:\/\/witraze.krzysztof.horecki.pl\/de\/wp-json\/wp\/v2\/comments?post=637"}],"version-history":[{"count":2,"href":"https:\/\/witraze.krzysztof.horecki.pl\/de\/wp-json\/wp\/v2\/pages\/637\/revisions"}],"predecessor-version":[{"id":713,"href":"https:\/\/witraze.krzysztof.horecki.pl\/de\/wp-json\/wp\/v2\/pages\/637\/revisions\/713"}],"wp:attachment":[{"href":"https:\/\/witraze.krzysztof.horecki.pl\/de\/wp-json\/wp\/v2\/media?parent=637"}],"curies":[{"name":"wp","href":"https:\/\/api.w.org\/{rel}","templated":true}]}}